{"id":580,"date":"2019-04-17T18:52:47","date_gmt":"2019-04-17T16:52:47","guid":{"rendered":"https:\/\/indorf.bs-ware.de\/?page_id=580"},"modified":"2019-04-18T10:59:14","modified_gmt":"2019-04-18T08:59:14","slug":"presseartikel-vom-19-08-2013","status":"publish","type":"page","link":"https:\/\/indorf.bs-ware.de\/?page_id=580","title":{"rendered":"Presseartikel vom 19.08.2013"},"content":{"rendered":"\n<p class=\"has-medium-font-size\">Preisverd\u00e4chtiges Backh\u00e4usl<br><\/p>\n\n\n<a href=\"https:\/\/indorf.bs-ware.de\/wp-content\/uploads\/2019\/04\/Pressespiegel_2013-08-19.pdf\" class=\"pdfemb-viewer\" style=\"\" data-width=\"max\" data-height=\"max\" data-toolbar=\"bottom\" data-toolbar-fixed=\"off\">Pressespiegel_2013-08-19<\/a>\n<p class=\"wp-block-pdfemb-pdf-embedder-viewer\"><\/p>\n\n\n\n<p class=\"has-small-font-size\">Quelle: M\u00fcnchner Merkur\/Erdinger Anzeiger<\/p>\n","protected":false},"excerpt":{"rendered":"<p>Preisverd\u00e4chtiges Backh\u00e4usl Quelle: M\u00fcnchner Merkur\/Erdinger Anzeiger<\/p>\n","protected":false},"author":1,"featured_media":0,"parent":0,"menu_order":0,"comment_status":"closed","ping_status":"closed","template":"","meta":{"footnotes":""},"class_list":["post-580","page","type-page","status-publish","hentry"],"_links":{"self":[{"href":"https:\/\/indorf.bs-ware.de\/index.php?rest_route=\/wp\/v2\/pages\/580","targetHints":{"allow":["GET"]}}],"collection":[{"href":"https:\/\/indorf.bs-ware.de\/index.php?rest_route=\/wp\/v2\/pages"}],"about":[{"href":"https:\/\/indorf.bs-ware.de\/index.php?rest_route=\/wp\/v2\/types\/page"}],"author":[{"embeddable":true,"href":"https:\/\/indorf.bs-ware.de\/index.php?rest_route=\/wp\/v2\/users\/1"}],"replies":[{"embeddable":true,"href":"https:\/\/indorf.bs-ware.de\/index.php?rest_route=%2Fwp%2Fv2%2Fcomments&post=580"}],"version-history":[{"count":0,"href":"https:\/\/indorf.bs-ware.de\/index.php?rest_route=\/wp\/v2\/pages\/580\/revisions"}],"wp:attachment":[{"href":"https:\/\/indorf.bs-ware.de\/index.php?rest_route=%2Fwp%2Fv2%2Fmedia&parent=580"}],"curies":[{"name":"wp","href":"https:\/\/api.w.org\/{rel}","templated":true}]}}