{"id":50,"date":"2018-08-13T10:35:55","date_gmt":"2018-08-13T08:35:55","guid":{"rendered":"https:\/\/indorf.bs-ware.de\/?page_id=50"},"modified":"2023-05-31T14:45:59","modified_gmt":"2023-05-31T12:45:59","slug":"impressum","status":"publish","type":"page","link":"https:\/\/indorf.bs-ware.de\/?page_id=50","title":{"rendered":"Impressum"},"content":{"rendered":"\n<hr class=\"wp-block-separator has-css-opacity\"\/>\n\n\n\n<figure class=\"wp-block-table is-style-regular\"><table><tbody><tr><td><u><b><span style=\"color: #663300; font-family: Verdana;\">Vorsitzender:<\/span><\/b><\/u><br><br><br><\/td><td>&nbsp;<\/td><td><span class=\"style1\">Simon Pirschlinger<\/span><span style=\"font-family: Verdana;\"><br><\/span><span class=\"style1\">St.-Martin-Stra\u00dfe 13<br>85435 Erding\/Indorf<\/span><\/td><td>&nbsp;<\/td><\/tr><tr><td>&nbsp;<\/td><td>&nbsp;<\/td><td>&nbsp;<\/td><td>&nbsp;<\/td><\/tr><tr><td><u><b><span style=\"color: #663300; font-family: Verdana;\">stellv. Vorsitzende:<\/span><\/b><\/u><br><br><br><\/td><td>&nbsp;<\/td><td>Felix Pirschlinger<br>St.-Martin-Stra\u00dfe 13<br>85435 Erding\/Indor<\/td><td>&nbsp;<\/td><\/tr><tr><td>&nbsp;<\/td><td>&nbsp;<\/td><td>&nbsp;<\/td><td>&nbsp;<\/td><\/tr><tr><td><b><u><span style=\"color: #663300; font-family: Verdana;\">Schriftf\u00fchrer:<\/span><\/u><\/b><span style=\"color: #663300; font-family: Verdana;\"><span class=\"style2\"><br>(verantwortlich f\u00fcr<\/span><\/span><br><span style=\"color: #663300; font-family: Verdana;\"><span class=\"style2\">den Intetnetauftritt)<\/span><\/span><br><br><\/td><td>&nbsp;<\/td><td><span class=\"style1\">Gerhard Schweinhuber<\/span><span style=\"font-family: Verdana;\"><br><\/span><span class=\"style1\">St.-Martin-Stra\u00dfe 28<br>85435 Erding\/Indorf<br>&nbsp;<\/span><\/td><td>&nbsp;<\/td><\/tr><\/tbody><\/table><\/figure>\n\n\n\n<figure class=\"wp-block-table\"><table class=\"has-fixed-layout\"><tbody><tr><td><u><b><span style=\"color: #663300; font-family: Verdana;\">E-Mail:<\/span><\/b><\/u><\/td><td><span style=\"font-family: Verdana;\"><a href=\"mailto:info@indorf.info?subject=Anfrage%20%C3%BCber%20ie%20Homepage\">info(at)indorf.info<\/a><\/span><\/td><\/tr><tr><td><u><b><span style=\"color: #663300; font-family: Verdana;\">Internet:<\/span><\/b><\/u><\/td><td><span style=\"font-family: Verdana;\"><a href=\"http:\/\/www.indorf.info\/\">http:\/\/www.indorf.info<\/a><\/span><\/td><\/tr><tr><td><u><b><span style=\"color: #663300; font-family: Verdana;\">Vereinsregisternummer:<\/span><\/b><\/u><br><br><br><br><br><\/td><td>VR 204327 <br><br><p>eingetragener Verein seit:<br>10.07.2012<\/p><\/td><\/tr><\/tbody><\/table><\/figure>\n\n\n\n<hr class=\"wp-block-separator has-css-opacity\"\/>\n\n\n<div class=\"wp-block-image\">\n<figure class=\"aligncenter\"><img decoding=\"async\" src=\"https:\/\/www.bs-ware.de\/wp-content\/uploads\/2018\/02\/logo_0200x0067.jpg\" alt=\"\"\/><\/figure>\n<\/div>\n\n\n<hr class=\"wp-block-separator has-css-opacity\"\/>\n\n\n\n<p class=\"has-text-align-center style8\"><span class=\"style7\"><strong><em>Webdesign powered by  <a href=\"https:\/\/www.bs-ware.de\">www.bs-ware.de<\/a><\/em><\/strong><\/span><\/p>\n","protected":false},"excerpt":{"rendered":"<p>Vorsitzender: &nbsp; Simon PirschlingerSt.-Martin-Stra\u00dfe 1385435 Erding\/Indorf &nbsp; &nbsp; &nbsp; &nbsp; &nbsp; stellv. Vorsitzende: &nbsp; Felix PirschlingerSt.-Martin-Stra\u00dfe 1385435 Erding\/Indor &nbsp; &nbsp; &nbsp; &nbsp; &nbsp; Schriftf\u00fchrer:(verantwortlich f\u00fcrden Intetnetauftritt) &nbsp; Gerhard SchweinhuberSt.-Martin-Stra\u00dfe 2885435 Erding\/Indorf&nbsp; &nbsp; E-Mail: info(at)indorf.info Internet: http:\/\/www.indorf.info Vereinsregisternummer: VR 204327 eingetragener Verein seit:10.07.2012 Webdesign powered by www.bs-ware.de<\/p>\n","protected":false},"author":1,"featured_media":0,"parent":0,"menu_order":0,"comment_status":"closed","ping_status":"closed","template":"","meta":{"footnotes":""},"class_list":["post-50","page","type-page","status-publish","hentry"],"_links":{"self":[{"href":"https:\/\/indorf.bs-ware.de\/index.php?rest_route=\/wp\/v2\/pages\/50","targetHints":{"allow":["GET"]}}],"collection":[{"href":"https:\/\/indorf.bs-ware.de\/index.php?rest_route=\/wp\/v2\/pages"}],"about":[{"href":"https:\/\/indorf.bs-ware.de\/index.php?rest_route=\/wp\/v2\/types\/page"}],"author":[{"embeddable":true,"href":"https:\/\/indorf.bs-ware.de\/index.php?rest_route=\/wp\/v2\/users\/1"}],"replies":[{"embeddable":true,"href":"https:\/\/indorf.bs-ware.de\/index.php?rest_route=%2Fwp%2Fv2%2Fcomments&post=50"}],"version-history":[{"count":1,"href":"https:\/\/indorf.bs-ware.de\/index.php?rest_route=\/wp\/v2\/pages\/50\/revisions"}],"predecessor-version":[{"id":868,"href":"https:\/\/indorf.bs-ware.de\/index.php?rest_route=\/wp\/v2\/pages\/50\/revisions\/868"}],"wp:attachment":[{"href":"https:\/\/indorf.bs-ware.de\/index.php?rest_route=%2Fwp%2Fv2%2Fmedia&parent=50"}],"curies":[{"name":"wp","href":"https:\/\/api.w.org\/{rel}","templated":true}]}}