{"id":295,"date":"2019-04-15T08:59:38","date_gmt":"2019-04-15T06:59:38","guid":{"rendered":"https:\/\/indorf.bs-ware.de\/?page_id=295"},"modified":"2019-04-17T12:44:32","modified_gmt":"2019-04-17T10:44:32","slug":"sponsoren-spender","status":"publish","type":"page","link":"https:\/\/indorf.bs-ware.de\/?page_id=295","title":{"rendered":"Sponsoren &#038; Spender"},"content":{"rendered":"\n<p class=\"has-drop-cap has-small-font-size\"><strong><em>AAUER Baustoffe GmbH und Co. KG,  Erding<\/em><\/strong><em><br><\/em><strong>     &gt; Sachspende: 1.311,93 \u20ac<\/strong><\/p>\n\n\n\n<p class=\"has-drop-cap has-small-font-size\"><strong><em>BBS-ware IT-Systeme, Inh. Gerhard  Schweinhuber, Erding\/Indorf<\/em><\/strong><br><strong>     &gt; Geldspende: 250,00 \u20ac &amp; Sachspende: 428,40 \u20ac<\/strong><br><\/p>\n\n\n\n<p class=\"has-drop-cap has-small-font-size\"><strong><em>EErdinger Wei\u00dfbr\u00e4u<\/em><\/strong><br><strong>     &gt; Sachspende: Getr\u00e4nke f\u00fcr Bauhelfer<\/strong> <\/p>\n\n\n\n<p class=\"has-drop-cap has-small-font-size\"><strong><em>FFlughafen M\u00fcnchen  GmbH<\/em><\/strong><br><strong>     &gt; Geldspende: 1.000,00<\/strong><\/p>\n\n\n\n<p class=\"has-drop-cap has-small-font-size\"><strong><em>GGruber Johann,  Altenerding<\/em><\/strong> <br><strong>     &gt; Sachspende: Fensterglas<\/strong><br><\/p>\n\n\n\n<p class=\"has-drop-cap has-small-font-size\"><strong><em>HHagebaumarkt<\/em><\/strong> <br><strong>     &gt; Sachspende: 200,00 \u20ac<\/strong><\/p>\n\n\n\n<p class=\"has-drop-cap has-small-font-size\"><em><strong>HHainz  Otto, Oberneuching (Planungsb\u00fcro)<\/strong><\/em> <br><strong>     &gt; Sachspende: Bauplan<\/strong> <\/p>\n\n\n\n<p class=\"has-drop-cap has-small-font-size\"><strong><em>HHasit  Trockenm\u00f6rteel GmbH, Eichenkofen<\/em><\/strong> <br><strong>     > Sachspende: 808,33 \u20ac<\/strong> <\/p>\n\n\n\n<p class=\"has-drop-cap has-small-font-size\"><em><strong>HHorst  Heiss Stahlbau GmbH<\/strong><\/em> <br><strong>     > Sachspende: T\u00fcrbeschl\u00e4ge<\/strong> <\/p>\n\n\n\n<p class=\"has-drop-cap has-small-font-size\"><em><strong>JJohann  Fehlberger GmbH, Pretzen (Spenglerarbeiten)<\/strong><\/em> <br><strong>     > Sachspende: 1.120,29 \u20ac<\/strong> <\/p>\n\n\n\n<p class=\"has-drop-cap has-small-font-size\"><em><strong>MMetzgerei Stuhlberger GmbH, Wartenberg<\/strong><\/em> <br><strong>     > Sachspende: 60,00 \u20ac<\/strong> <\/p>\n\n\n\n<p class=\"has-drop-cap has-small-font-size\"><em><strong>PPaukner Martin, Pretzen<\/strong><\/em> <br><strong>     > Sachspende: Dachsparren<\/strong><\/p>\n\n\n\n<p class=\"has-drop-cap has-small-font-size\"><strong><em>SSchmitt-Beton GmbH  &amp; Co. KG, Markt Schwaben<\/em><\/strong> <br><strong>     > Sachspende: 786,00 \u20ac<\/strong> <\/p>\n\n\n\n<p class=\"has-drop-cap has-small-font-size\"><strong><em>SSparkasse Erding-Dorfen<\/em><\/strong> <br><strong>     > Geldspende: 250,00 \u20ac &amp; Sachspende: 150,00 \u20ac<\/strong> <\/p>\n\n\n\n<p class=\"has-drop-cap has-small-font-size\"> <strong><em>ZZimmerei Stimmer &amp; Moser GmbH,  Niederneuching<\/em><\/strong> <br><strong>     > Sachspende: Dachstuhl<\/strong> <\/p>\n\n\n\n<p class=\"has-drop-cap has-small-font-size\"><strong><em>ZZollner-Leihfond-Stiftung der  Stadt Erding<\/em><\/strong> <br><strong>     > Geldspende: 2.500,00 \u20ac<\/strong><\/p>\n\n\n\n<style id=\"bwg-style-0\">    #bwg_container1_0 #bwg_container2_0 .bwg-container-0.bwg-standard-thumbnails {      width: 1254px;              justify-content: center;        margin:0 auto !important;              background-color: rgba(255, 255, 255, 0.00);            padding-left: 4px;      padding-top: 4px;      max-width: 100%;            }        #bwg_container1_0 #bwg_container2_0 .bwg-container-0.bwg-standard-thumbnails .bwg-item {    justify-content: flex-start;      max-width: 250px;          }    #bwg_container1_0 #bwg_container2_0 .bwg-container-0.bwg-standard-thumbnails .bwg-item a {       margin-right: 4px;       margin-bottom: 4px;    }    #bwg_container1_0 #bwg_container2_0 .bwg-container-0.bwg-standard-thumbnails .bwg-item0 {      padding: 0px;            background-color:rgba(0,0,0, 0.30);      border: 0px none #CCCCCC;      opacity: 1.00;      border-radius: 0;      box-shadow: ;    }    #bwg_container1_0 #bwg_container2_0 .bwg-container-0.bwg-standard-thumbnails .bwg-item1 img {      max-height: none;      max-width: none;      padding: 0 !important;    }         @media only screen and (min-width: 480px) {\t\t#bwg_container1_0 #bwg_container2_0 .bwg-container-0.bwg-standard-thumbnails .bwg-item1 img {\t\t\t-webkit-transition: all .3s; transition: all .3s;\t\t}\t\t#bwg_container1_0 #bwg_container2_0 .bwg-container-0.bwg-standard-thumbnails .bwg-item1 img:hover {\t\t\t-ms-transform: scale(1.08);\t\t\t-webkit-transform: scale(1.08);\t\t\ttransform: scale(1.08);\t\t}\t\t      }\t    #bwg_container1_0 #bwg_container2_0 .bwg-container-0.bwg-standard-thumbnails .bwg-item1 {      padding-top: 48%;    }        #bwg_container1_0 #bwg_container2_0 .bwg-container-0.bwg-standard-thumbnails .bwg-title2,    #bwg_container1_0 #bwg_container2_0 .bwg-container-0.bwg-standard-thumbnails .bwg-ecommerce2 {      color: #323A45;      font-family: Ubuntu;      font-size: 16px;      font-weight: bold;      padding: 2px;      text-shadow: ;      max-height: 100%;    }    #bwg_container1_0 #bwg_container2_0 .bwg-container-0.bwg-standard-thumbnails .bwg-thumb-description span {    color: #323A45;    font-family: Ubuntu;    font-size: 12px;    max-height: 100%;    word-wrap: break-word;    }    #bwg_container1_0 #bwg_container2_0 .bwg-container-0.bwg-standard-thumbnails .bwg-play-icon2 {      font-size: 32px;    }    #bwg_container1_0 #bwg_container2_0 .bwg-container-0.bwg-standard-thumbnails .bwg-ecommerce2 {      font-size: 19.2px;      color: #323A45;    }    <\/style>    <div id=\"bwg_container1_0\"         class=\"bwg_container bwg_thumbnail bwg_thumbnails \"         data-right-click-protection=\"0\"         data-bwg=\"0\"         data-scroll=\"0\"         data-gallery-type=\"thumbnails\"         data-gallery-view-type=\"thumbnails\"         data-current-url=\"\/index.php?rest_route=%2Fwp%2Fv2%2Fpages%2F295\"         data-lightbox-url=\"https:\/\/indorf.bs-ware.de\/wp-admin\/admin-ajax.php?action=GalleryBox&#038;current_view=0&#038;gallery_id=23&#038;tag=0&#038;theme_id=1&#038;shortcode_id=50&#038;sort_by=filename&#038;order_by=asc&#038;current_url=%2Findex.php%3Frest_route%3D%252Fwp%252Fv2%252Fpages%252F295\"         data-gallery-id=\"23\"         data-popup-width=\"800\"         data-popup-height=\"500\"         data-is-album=\"gallery\"         data-buttons-position=\"bottom\">      <div id=\"bwg_container2_0\">             <div id=\"ajax_loading_0\" class=\"bwg_loading_div_1\">      <div class=\"bwg_loading_div_2\">        <div class=\"bwg_loading_div_3\">          <div id=\"loading_div_0\" class=\"bwg_spider_ajax_loading\">          <\/div>        <\/div>      <\/div>    <\/div>            <form id=\"gal_front_form_0\"              class=\"bwg-hidden\"              method=\"post\"              action=\"#\"              data-current=\"0\"              data-shortcode-id=\"50\"              data-gallery-type=\"thumbnails\"              data-gallery-id=\"23\"              data-tag=\"0\"              data-album-id=\"0\"              data-theme-id=\"1\"              data-ajax-url=\"https:\/\/indorf.bs-ware.de\/wp-admin\/admin-ajax.php?action=bwg_frontend_data\">          <div id=\"bwg_container3_0\" class=\"bwg-background bwg-background-0\">                <div data-max-count=\"5\"         data-thumbnail-width=\"250\"         data-bwg=\"0\"         data-gallery-id=\"23\"         data-lightbox-url=\"https:\/\/indorf.bs-ware.de\/wp-admin\/admin-ajax.php?action=GalleryBox&amp;current_view=0&amp;gallery_id=23&amp;tag=0&amp;theme_id=1&amp;shortcode_id=50&amp;sort_by=filename&amp;order_by=asc&amp;current_url=%2Findex.php%3Frest_route%3D%252Fwp%252Fv2%252Fpages%252F295\"         id=\"bwg_thumbnails_0\"         class=\"bwg-container-0 bwg-thumbnails bwg-standard-thumbnails bwg-container bwg-border-box\">            <div class=\"bwg-item\">        <a class=\"bwg-a  bwg_lightbox\"  data-image-id=\"3055\" href=\"https:\/\/indorf.bs-ware.de\/wp-content\/uploads\/photo-gallery\/2014-07-16\/736_0.jpg?bwg=1555403701\" data-elementor-open-lightbox=\"no\">                <div class=\"bwg-item0 \">          <div class=\"bwg-item1 \">            <div class=\"bwg-item2\">              <img decoding=\"async\" class=\"skip-lazy bwg_standart_thumb_img_0 \"                   data-id=\"3055\"                   data-width=\"\"                   data-height=\"\"                   data-src=\"https:\/\/indorf.bs-ware.de\/wp-content\/uploads\/photo-gallery\/2014-07-16\/thumb\/736_0.jpg?bwg=1555403701\"                   src=\"https:\/\/indorf.bs-ware.de\/wp-content\/uploads\/photo-gallery\/2014-07-16\/thumb\/736_0.jpg?bwg=1555403701\"                   alt=\"736 0\"                   title=\"736 0\" \/>            <\/div>            <div class=\"\">                                                      <\/div>          <\/div>        <\/div>                        <\/a>              <\/div>            <div class=\"bwg-item\">        <a class=\"bwg-a  bwg_lightbox\"  data-image-id=\"3056\" href=\"https:\/\/indorf.bs-ware.de\/wp-content\/uploads\/photo-gallery\/2014-07-16\/736_1.jpg?bwg=1555403701\" data-elementor-open-lightbox=\"no\">                <div class=\"bwg-item0 \">          <div class=\"bwg-item1 \">            <div class=\"bwg-item2\">              <img decoding=\"async\" class=\"skip-lazy bwg_standart_thumb_img_0 \"                   data-id=\"3056\"                   data-width=\"\"                   data-height=\"\"                   data-src=\"https:\/\/indorf.bs-ware.de\/wp-content\/uploads\/photo-gallery\/2014-07-16\/thumb\/736_1.jpg?bwg=1555403701\"                   src=\"https:\/\/indorf.bs-ware.de\/wp-content\/uploads\/photo-gallery\/2014-07-16\/thumb\/736_1.jpg?bwg=1555403701\"                   alt=\"736 1\"                   title=\"736 1\" \/>            <\/div>            <div class=\"\">                                                      <\/div>          <\/div>        <\/div>                        <\/a>              <\/div>            <div class=\"bwg-item\">        <a class=\"bwg-a  bwg_lightbox\"  data-image-id=\"3057\" href=\"https:\/\/indorf.bs-ware.de\/wp-content\/uploads\/photo-gallery\/2014-07-16\/736_2.jpg?bwg=1555403701\" data-elementor-open-lightbox=\"no\">                <div class=\"bwg-item0 \">          <div class=\"bwg-item1 \">            <div class=\"bwg-item2\">              <img decoding=\"async\" class=\"skip-lazy bwg_standart_thumb_img_0 \"                   data-id=\"3057\"                   data-width=\"\"                   data-height=\"\"                   data-src=\"https:\/\/indorf.bs-ware.de\/wp-content\/uploads\/photo-gallery\/2014-07-16\/thumb\/736_2.jpg?bwg=1555403701\"                   src=\"https:\/\/indorf.bs-ware.de\/wp-content\/uploads\/photo-gallery\/2014-07-16\/thumb\/736_2.jpg?bwg=1555403701\"                   alt=\"736 2\"                   title=\"736 2\" \/>            <\/div>            <div class=\"\">                                                      <\/div>          <\/div>        <\/div>                        <\/a>              <\/div>          <\/div>              <\/div>        <\/form>        <style>          #bwg_container1_0 #bwg_container2_0 #spider_popup_overlay_0 {          background-color: #EEEEEE;          opacity: 0.60;          }          <\/style>        <div id=\"bwg_spider_popup_loading_0\" class=\"bwg_spider_popup_loading\"><\/div>        <div id=\"spider_popup_overlay_0\" class=\"spider_popup_overlay\" onclick=\"spider_destroypopup(1000)\"><\/div>        <input type=\"hidden\" id=\"bwg_random_seed_0\" value=\"1597302952\">                <\/div>    <\/div>    <script>      if (document.readyState === 'complete') {        if( typeof bwg_main_ready == 'function' ) {          if ( jQuery(\"#bwg_container1_0\").height() ) {            bwg_main_ready(jQuery(\"#bwg_container1_0\"));          }        }      } else {        document.addEventListener('DOMContentLoaded', function() {          if( typeof bwg_main_ready == 'function' ) {            if ( jQuery(\"#bwg_container1_0\").height() ) {             bwg_main_ready(jQuery(\"#bwg_container1_0\"));            }          }        });      }    <\/script>    \n","protected":false},"excerpt":{"rendered":"<p>AAUER Baustoffe GmbH und Co. KG, Erding &gt; Sachspende: 1.311,93 \u20ac BBS-ware IT-Systeme, Inh. Gerhard Schweinhuber, Erding\/Indorf &gt; Geldspende: 250,00 \u20ac &amp; Sachspende: 428,40 \u20ac EErdinger Wei\u00dfbr\u00e4u &gt; Sachspende: Getr\u00e4nke f\u00fcr Bauhelfer FFlughafen M\u00fcnchen GmbH &gt; Geldspende: 1.000,00 GGruber Johann, Altenerding &gt; Sachspende: Fensterglas HHagebaumarkt &gt; Sachspende: 200,00 \u20ac HHainz Otto, Oberneuching (Planungsb\u00fcro) &gt; Sachspende: &hellip; <\/p>\n<p class=\"link-more\"><a href=\"https:\/\/indorf.bs-ware.de\/?page_id=295\" class=\"more-link\"><span class=\"screen-reader-text\">\u201eSponsoren &#038; Spender\u201c <\/span>weiterlesen<\/a><\/p>\n","protected":false},"author":1,"featured_media":0,"parent":0,"menu_order":0,"comment_status":"closed","ping_status":"closed","template":"","meta":{"footnotes":""},"class_list":["post-295","page","type-page","status-publish","hentry"],"_links":{"self":[{"href":"https:\/\/indorf.bs-ware.de\/index.php?rest_route=\/wp\/v2\/pages\/295","targetHints":{"allow":["GET"]}}],"collection":[{"href":"https:\/\/indorf.bs-ware.de\/index.php?rest_route=\/wp\/v2\/pages"}],"about":[{"href":"https:\/\/indorf.bs-ware.de\/index.php?rest_route=\/wp\/v2\/types\/page"}],"author":[{"embeddable":true,"href":"https:\/\/indorf.bs-ware.de\/index.php?rest_route=\/wp\/v2\/users\/1"}],"replies":[{"embeddable":true,"href":"https:\/\/indorf.bs-ware.de\/index.php?rest_route=%2Fwp%2Fv2%2Fcomments&post=295"}],"version-history":[{"count":0,"href":"https:\/\/indorf.bs-ware.de\/index.php?rest_route=\/wp\/v2\/pages\/295\/revisions"}],"wp:attachment":[{"href":"https:\/\/indorf.bs-ware.de\/index.php?rest_route=%2Fwp%2Fv2%2Fmedia&parent=295"}],"curies":[{"name":"wp","href":"https:\/\/api.w.org\/{rel}","templated":true}]}}