{"id":217,"date":"2019-04-14T15:31:42","date_gmt":"2019-04-14T13:31:42","guid":{"rendered":"https:\/\/indorf.bs-ware.de\/?page_id=217"},"modified":"2024-01-23T20:28:48","modified_gmt":"2024-01-23T19:28:48","slug":"mitgliedschaft","status":"publish","type":"page","link":"https:\/\/indorf.bs-ware.de\/?page_id=217","title":{"rendered":"Mitgliedschaft beim Indorfner Backh\u00e4uslverein e.V."},"content":{"rendered":"<div class=\"wp-block-image\">\n<figure class=\"aligncenter\"><img loading=\"lazy\" decoding=\"async\" width=\"934\" height=\"737\" src=\"https:\/\/indorf.bs-ware.de\/wp-content\/uploads\/2019\/04\/gruendungsmitglieder.jpg\" alt=\"\" class=\"wp-image-219\" srcset=\"https:\/\/indorf.bs-ware.de\/wp-content\/uploads\/2019\/04\/gruendungsmitglieder.jpg 934w, https:\/\/indorf.bs-ware.de\/wp-content\/uploads\/2019\/04\/gruendungsmitglieder-300x237.jpg 300w, https:\/\/indorf.bs-ware.de\/wp-content\/uploads\/2019\/04\/gruendungsmitglieder-768x606.jpg 768w\" sizes=\"auto, (max-width: 767px) 89vw, (max-width: 1000px) 54vw, (max-width: 1071px) 543px, 580px\" \/><figcaption class=\"wp-element-caption\">Adolf Pr\u00f6bst (R.I.P.), Franz Huber, Franziska Huber, Carola Pei\u00df, Helene Pr\u00f6bst (R.I.P.), Susann Brauer,<br>Sonja Pirschlinger, Muriel Lehmann, Reinhard Pirschlinger, Kathrin Berger, Markus Felsner,<br>Felix Pirschlinger, Gerhard Schweinhuber, Beate Pirschlinger<\/figcaption><\/figure>\n<\/div>\n\n\n<hr class=\"wp-block-separator has-css-opacity\"\/>\n\n\n\n<p class=\"has-text-color\" style=\"color:#964605\"><strong>Aktives Mitglied \u2026<\/strong><br>kann derzeit nur ein Indorfner Mitb\u00fcrger werden, in dem er die nachfolgende Beitrittserkl\u00e4rung ausgef\u00fcllt und unterschrieben an den Verein weiterleitet.  Mit der Mitgliedschaft erwirbt das aktive Mitglied die Genehmigung, den Brotbackofen nach dessen Fertigstellung gem\u00e4\u00df den Vorgaben der Vorstandschaft zu nutzen.  Der Mitgliedsbeitrag f\u00fcr aktive Mitglieder betr\u00e4gt derzeit 10,00 Euro j\u00e4hrlich, wobei Minderj\u00e4hrige unter 18 Jahren kostenlos beitreten k\u00f6nnen, sofern ein Elternteil bereits Mitglied des Vereins ist. <\/p>\n\n\n\n<hr class=\"wp-block-separator has-css-opacity\"\/>\n\n\n\n<p class=\"has-text-color\" style=\"color:#964605\"><strong>F\u00f6rdermitglied \u2026<\/strong><br>kann jeder werden, in dem er die nachfolgende Beitrittserkl\u00e4rung ausgef\u00fcllt und unterschrieben an den Verein weiterleitet. Ein F\u00f6rdermitglied hat derzeit keinen Anspruch auf die Nutzung des Brotbackofen. Eine evtl. Erweiterung des Nutzungsrechtes des Brotbackofens gegen eine zus\u00e4tzliche Geb\u00fchr beh\u00e4lt sich der Verein vor. Der Mitgliedsbeitrag f\u00fcr F\u00f6rdermitglieder betr\u00e4gt derzeit 20,00 Euro j\u00e4hrlich.<\/p>\n\n\n\n<hr class=\"wp-block-separator has-css-opacity\"\/>\n\n\n\n<h3 class=\"wp-block-heading has-text-align-center\"><strong><a href=\"https:\/\/indorf.bs-ware.de\/?page_id=621\">Beitrittserkl\u00e4rung<\/a><\/strong><\/h3>\n","protected":false},"excerpt":{"rendered":"<p>Aktives Mitglied \u2026kann derzeit nur ein Indorfner Mitb\u00fcrger werden, in dem er die nachfolgende Beitrittserkl\u00e4rung ausgef\u00fcllt und unterschrieben an den Verein weiterleitet. Mit der Mitgliedschaft erwirbt das aktive Mitglied die Genehmigung, den Brotbackofen nach dessen Fertigstellung gem\u00e4\u00df den Vorgaben der Vorstandschaft zu nutzen. Der Mitgliedsbeitrag f\u00fcr aktive Mitglieder betr\u00e4gt derzeit 10,00 Euro j\u00e4hrlich, wobei Minderj\u00e4hrige &hellip; <\/p>\n<p class=\"link-more\"><a href=\"https:\/\/indorf.bs-ware.de\/?page_id=217\" class=\"more-link\"><span class=\"screen-reader-text\">\u201eMitgliedschaft beim Indorfner Backh\u00e4uslverein e.V.\u201c <\/span>weiterlesen<\/a><\/p>\n","protected":false},"author":1,"featured_media":0,"parent":0,"menu_order":0,"comment_status":"closed","ping_status":"closed","template":"","meta":{"footnotes":""},"class_list":["post-217","page","type-page","status-publish","hentry"],"_links":{"self":[{"href":"https:\/\/indorf.bs-ware.de\/index.php?rest_route=\/wp\/v2\/pages\/217","targetHints":{"allow":["GET"]}}],"collection":[{"href":"https:\/\/indorf.bs-ware.de\/index.php?rest_route=\/wp\/v2\/pages"}],"about":[{"href":"https:\/\/indorf.bs-ware.de\/index.php?rest_route=\/wp\/v2\/types\/page"}],"author":[{"embeddable":true,"href":"https:\/\/indorf.bs-ware.de\/index.php?rest_route=\/wp\/v2\/users\/1"}],"replies":[{"embeddable":true,"href":"https:\/\/indorf.bs-ware.de\/index.php?rest_route=%2Fwp%2Fv2%2Fcomments&post=217"}],"version-history":[{"count":2,"href":"https:\/\/indorf.bs-ware.de\/index.php?rest_route=\/wp\/v2\/pages\/217\/revisions"}],"predecessor-version":[{"id":874,"href":"https:\/\/indorf.bs-ware.de\/index.php?rest_route=\/wp\/v2\/pages\/217\/revisions\/874"}],"wp:attachment":[{"href":"https:\/\/indorf.bs-ware.de\/index.php?rest_route=%2Fwp%2Fv2%2Fmedia&parent=217"}],"curies":[{"name":"wp","href":"https:\/\/api.w.org\/{rel}","templated":true}]}}