{"id":103,"date":"2019-04-14T10:40:39","date_gmt":"2019-04-14T08:40:39","guid":{"rendered":"https:\/\/indorf.bs-ware.de\/?page_id=103"},"modified":"2022-12-17T16:36:44","modified_gmt":"2022-12-17T15:36:44","slug":"103-2","status":"publish","type":"page","link":"https:\/\/indorf.bs-ware.de\/?page_id=103","title":{"rendered":"Die Vorstandschaft stellt sich vor &#8230;"},"content":{"rendered":"\n<hr class=\"wp-block-separator has-css-opacity\"\/>\n\n\n\n<h2 class=\"has-text-align-center wp-block-heading\"><strong><em>Indorfner Backh\u00e4uslverein e.V.<\/em><\/strong><\/h2>\n\n\n\n<p><\/p>\n\n\n\n<hr class=\"wp-block-separator has-css-opacity\"\/>\n\n\n\n<figure class=\"wp-block-table\"><table class=\"has-fixed-layout\"><tbody><tr><td>Vorsitzender:<\/td><td><strong><a href=\"mailto:s.pirschlinger@indorf.info?subject=Anfrage%20\u00fcber%20die%20Homepage\">Simon Pirschlinger<\/a><\/strong><\/td><\/tr><tr><td>stellv. Vorsitzender:<\/td><td><strong><a href=\"Vorsitzender:Felix Pirschlingerstellv. Vorsitzende:Kathrin BergerKassierin:Susann Brauerstellv. Kassierin:Franziska HuberSchriftf\u00fchrer:Gerhard Schweinhuberstellv. Schriftf\u00fchrer:Reinhard Pirschlinger\"><strong><a href=\"mailto:f.pirschlinger@indorf.info?subject=Anfrage%20\u00fcber%20die%20Homepage\">Felix Pirschlinger<\/a><\/strong><\/a><\/strong><\/td><\/tr><tr><td>Kassierin:<\/td><td><strong><a href=\"mailto:s.brauer@indorf.info?subject=Anfrage%20\u00fcber%20die%20Homepage\">Susann Brauer<\/a><\/strong><\/td><\/tr><tr><td>stellv. Kassierin:<\/td><td><strong><a href=\"mailto:f.huber@indorf.info?subject=Anfrage%20\u00fcber%20die%20Homepage\">Franziska Huber<\/a><\/strong><\/td><\/tr><tr><td>Schriftf\u00fchrer:<\/td><td><strong><a href=\"mailto:g.schweinhuber@indorf.info?subject=Anfrage%20\u00fcber%20die%20Homepage\">Gerhard Schweinhuber<\/a><\/strong><\/td><\/tr><tr><td>stellv. Schriftf\u00fchrer:<\/td><td><strong><a href=\"mailto:r.pirschlinger@indorf.info?subject=Anfrage%20\u00fcber%20die%20Homepage\">Reinhard Pirschlinger<\/a><\/strong><\/td><\/tr><\/tbody><\/table><\/figure>\n\n\n\n<hr class=\"wp-block-separator has-css-opacity\"\/>\n\n\n\n<p class=\"has-text-align-center\"><em>Die gesamte Vorstandschaft ist \u00fcber die<\/em><br><em>E-Mail-Adresse &#8222;<a href=\"mailto:vorstandschaft@indorf.info?subject=Anfrage%20\u00fcber%20die%20Homepage\">vorstandschaft(at)indorf.info<\/a>&#8220; zu erreichen !<\/em> <\/p>\n","protected":false},"excerpt":{"rendered":"<p>Indorfner Backh\u00e4uslverein e.V. Vorsitzender: Simon Pirschlinger stellv. Vorsitzender: Felix Pirschlinger Kassierin: Susann Brauer stellv. Kassierin: Franziska Huber Schriftf\u00fchrer: Gerhard Schweinhuber stellv. Schriftf\u00fchrer: Reinhard Pirschlinger Die gesamte Vorstandschaft ist \u00fcber dieE-Mail-Adresse &#8222;vorstandschaft(at)indorf.info&#8220; zu erreichen !<\/p>\n","protected":false},"author":1,"featured_media":0,"parent":0,"menu_order":0,"comment_status":"closed","ping_status":"closed","template":"","meta":{"footnotes":""},"class_list":["post-103","page","type-page","status-publish","hentry"],"_links":{"self":[{"href":"https:\/\/indorf.bs-ware.de\/index.php?rest_route=\/wp\/v2\/pages\/103","targetHints":{"allow":["GET"]}}],"collection":[{"href":"https:\/\/indorf.bs-ware.de\/index.php?rest_route=\/wp\/v2\/pages"}],"about":[{"href":"https:\/\/indorf.bs-ware.de\/index.php?rest_route=\/wp\/v2\/types\/page"}],"author":[{"embeddable":true,"href":"https:\/\/indorf.bs-ware.de\/index.php?rest_route=\/wp\/v2\/users\/1"}],"replies":[{"embeddable":true,"href":"https:\/\/indorf.bs-ware.de\/index.php?rest_route=%2Fwp%2Fv2%2Fcomments&post=103"}],"version-history":[{"count":3,"href":"https:\/\/indorf.bs-ware.de\/index.php?rest_route=\/wp\/v2\/pages\/103\/revisions"}],"predecessor-version":[{"id":863,"href":"https:\/\/indorf.bs-ware.de\/index.php?rest_route=\/wp\/v2\/pages\/103\/revisions\/863"}],"wp:attachment":[{"href":"https:\/\/indorf.bs-ware.de\/index.php?rest_route=%2Fwp%2Fv2%2Fmedia&parent=103"}],"curies":[{"name":"wp","href":"https:\/\/api.w.org\/{rel}","templated":true}]}}